{"id":3,"date":"2020-01-16T01:07:52","date_gmt":"2020-01-16T00:07:52","guid":{"rendered":"https:\/\/kg-voices.de\/?page_id=3"},"modified":"2025-12-19T19:35:20","modified_gmt":"2025-12-19T18:35:20","slug":"impressum","status":"publish","type":"page","link":"https:\/\/kg-voices.de\/en\/impressum","title":{"rendered":"Impressum"},"content":{"rendered":"<div data-elementor-type=\"wp-page\" data-elementor-id=\"3\" class=\"elementor elementor-3\">\n\t\t\t\t\t\t<section class=\"elementor-section elementor-top-section elementor-element elementor-element-74329261 elementor-section-boxed elementor-section-height-default elementor-section-height-default\" data-id=\"74329261\" data-element_type=\"section\" data-e-type=\"section\" data-settings=\"{&quot;background_background&quot;:&quot;gradient&quot;,&quot;shape_divider_bottom&quot;:&quot;clouds&quot;,&quot;shape_divider_bottom_negative&quot;:&quot;yes&quot;}\">\n\t\t\t\t\t\t\t<div class=\"elementor-background-overlay\"><\/div>\n\t\t\t\t\t\t<div class=\"elementor-shape elementor-shape-bottom\" aria-hidden=\"true\" data-negative=\"true\">\n\t\t\t<svg xmlns=\"http:\/\/www.w3.org\/2000\/svg\" viewbox=\"0 0 283.5 27.8\" preserveaspectratio=\"xMidYMax slice\">\n\t<path class=\"elementor-shape-fill\" d=\"M265.8 3.5c-10.9 0-15.9 6.2-15.9 6.2s-3.6-3.5-9.2-.9c-9.1 4.1-4.4 13.4-4.4 13.4s-1.2.2-1.9.9c-.6.7-.5 1.9-.5 1.9s-1-.5-2.3-.2c-1.3.3-1.6 1.4-1.6 1.4s.4-3.4-1.5-5c-3.9-3.4-8.3-.2-8.3-.2s-.6-.7-.9-.9c-.4-.2-1.2-.2-1.2-.2s-4.4-3.6-11.5-2.6-10.4 7.9-10.4 7.9-.5-3.3-3.9-4.9c-4.8-2.4-7.4 0-7.4 0s2.4-4.1-1.9-6.4-6.2 1.2-6.2 1.2-.9-.5-2.1-.5-2.3 1.1-2.3 1.1.1-.7-1.1-1.1c-1.2-.4-2 0-2 0s3.6-6.8-3.5-8.9c-6-1.8-7.9 2.6-8.4 4-.1-.3-.4-.7-.9-1.1-1-.7-1.3-.5-1.3-.5s1-4-1.7-5.2c-2.7-1.2-4.2 1.1-4.2 1.1s-3.1-1-5.7 1.4-2.1 5.5-2.1 5.5-.9 0-2.1.7-1.4 1.7-1.4 1.7-1.7-1.2-4.3-1.2c-2.6 0-4.5 1.2-4.5 1.2s-.7-1.5-2.8-2.4c-2.1-.9-4 0-4 0s2.6-5.9-4.7-9c-7.3-3.1-12.6 3.3-12.6 3.3s-.9 0-1.9.2c-.9.2-1.5.9-1.5.9S99.4 3 94.9 3.9c-4.5.9-5.7 5.7-5.7 5.7s-2.8-5-12.3-3.9-11.1 6-11.1 6-1.2-1.4-4-.7c-.8.2-1.3.5-1.8.9-.9-2.1-2.7-4.9-6.2-4.4-3.2.4-4 2.2-4 2.2s-.5-.7-1.2-.7h-1.4s-.5-.9-1.7-1.4-2.4 0-2.4 0-2.4-1.2-4.7 0-3.1 4.1-3.1 4.1-1.7-1.4-3.6-.7c-1.9.7-1.9 2.8-1.9 2.8s-.5-.5-1.7-.2c-1.2.2-1.4.7-1.4.7s-.7-2.3-2.8-2.8c-2.1-.5-4.3.2-4.3.2s-1.7-5-11.1-6c-3.8-.4-6.6.2-8.5 1v21.2h283.5V11.1c-.9.2-1.6.4-1.6.4s-5.2-8-16.1-8z\"\/>\n<\/svg>\n\t\t<\/div>\n\t\t\t\t\t<div class=\"elementor-container elementor-column-gap-default\">\n\t\t\t\t\t<div class=\"elementor-column elementor-col-100 elementor-top-column elementor-element elementor-element-1dfeaf66\" data-id=\"1dfeaf66\" data-element_type=\"column\" data-e-type=\"column\">\n\t\t\t<div class=\"elementor-widget-wrap elementor-element-populated\">\n\t\t\t\t\t\t<div class=\"elementor-element elementor-element-5b0ddac0 elementor-widget elementor-widget-text-editor\" data-id=\"5b0ddac0\" data-element_type=\"widget\" data-e-type=\"widget\" data-widget_type=\"text-editor.default\">\n\t\t\t\t<div class=\"elementor-widget-container\">\n\t\t\t\t\t\t\t\t\t<p>Angaben gem\u00e4\u00df \u00a7 5 TMG<\/p>\n<p>Kim Gjarmati<br>Steubenstra\u00dfe 18<br>90763 F\u00fcrth<\/p>\n<p>Kontakt:<br>E-Mail: info@kg-voices.de<\/p>\t\t\t\t\t\t\t\t<\/div>\n\t\t\t\t<\/div>\n\t\t\t\t\t<\/div>\n\t\t<\/div>\n\t\t\t\t\t<\/div>\n\t\t<\/section>\n\t\t\t\t<section class=\"elementor-section elementor-top-section elementor-element elementor-element-49104f2 elementor-section-boxed elementor-section-height-default elementor-section-height-default\" data-id=\"49104f2\" data-element_type=\"section\" data-e-type=\"section\">\n\t\t\t\t\t\t<div class=\"elementor-container elementor-column-gap-default\">\n\t\t\t\t\t<div class=\"elementor-column elementor-col-100 elementor-top-column elementor-element elementor-element-9eddae2\" data-id=\"9eddae2\" data-element_type=\"column\" data-e-type=\"column\" data-settings=\"{&quot;background_background&quot;:&quot;classic&quot;}\">\n\t\t\t<div class=\"elementor-widget-wrap elementor-element-populated\">\n\t\t\t\t\t<div class=\"elementor-background-overlay\"><\/div>\n\t\t\t\t\t\t<section class=\"elementor-section elementor-inner-section elementor-element elementor-element-fbd9745 elementor-section-boxed elementor-section-height-default elementor-section-height-default\" data-id=\"fbd9745\" data-element_type=\"section\" data-e-type=\"section\">\n\t\t\t\t\t\t<div class=\"elementor-container elementor-column-gap-default\">\n\t\t\t\t\t<div class=\"elementor-column elementor-col-100 elementor-inner-column elementor-element elementor-element-98fccbf\" data-id=\"98fccbf\" data-element_type=\"column\" data-e-type=\"column\">\n\t\t\t<div class=\"elementor-widget-wrap elementor-element-populated\">\n\t\t\t\t\t\t<div class=\"elementor-element elementor-element-abdb83a elementor-widget elementor-widget-text-editor\" data-id=\"abdb83a\" data-element_type=\"widget\" data-e-type=\"widget\" data-widget_type=\"text-editor.default\">\n\t\t\t\t<div class=\"elementor-widget-container\">\n\t\t\t\t\t\t\t\t\t<h4 style=\"font-weight: 100; font-family: 'Droid Serif', sans-serif; color: #4d5766; font-size: 19px; line-height: 1; font-style: italic; text-align: center; background-color: #f5fafd;\" data-elementor-setting-key=\"title\" data-pen-placeholder=\"Eingabe hier...\">1. Haftungsbeschr\u00e4nkung<\/h4>\n<h4 style=\"font-weight: 100; font-family: 'Droid Serif', sans-serif; color: #4d5766; font-size: 19px; line-height: 1; font-style: italic; text-align: center; background-color: #f5fafd;\" data-elementor-setting-key=\"title\" data-pen-placeholder=\"Eingabe hier...\">\u00a0Die Inhalte des Internetauftritts wurden mit gr\u00f6\u00dftm\u00f6glicher Sorgfalt und nach bestem Gewissen erstellt. Dennoch \u00fcbernimmt der Anbieter dieser Webseite keine Gew\u00e4hr f\u00fcr die Aktualit\u00e4t, Vollst\u00e4ndigkeit und Richtigkeit der bereitgestellten Seiten und Inhalte. Als Diensteanbieter ist der Anbieter dieser Webseite gem\u00e4\u00df \u00a7 7 Abs. 1 TMG f\u00fcr eigene Inhalte und bereitgestellte Informationen auf diesen Seiten nach den allgemeinen Gesetzen verantwortlich; nach den \u00a7\u00a7 8 bis 10 TMG jedoch nicht verpflichtet, die \u00fcbermittelten oder gespeicherten fremden Informationen zu \u00fcberwachen. Eine Entfernung oder Sperrung dieser Inhalte erfolgt umgehend ab dem Zeitpunkt der Kenntnis einer konkreten Rechtsverletzung. Eine Haftung ist erst ab dem Zeitpunkt der Kenntniserlangung m\u00f6glich.\u00a0<\/h4>\n<h4 style=\"font-weight: 100; font-family: 'Droid Serif', sans-serif; color: #4d5766; font-size: 19px; line-height: 1; font-style: italic; text-align: center; background-color: #f5fafd;\" data-elementor-setting-key=\"title\" data-pen-placeholder=\"Eingabe hier...\">\u00a02. Externe Links\u00a0<\/h4>\n<h4 style=\"font-weight: 100; font-family: 'Droid Serif', sans-serif; color: #4d5766; font-size: 19px; line-height: 1; font-style: italic; text-align: center; background-color: #f5fafd;\" data-elementor-setting-key=\"title\" data-pen-placeholder=\"Eingabe hier...\">\u00a0Die Webseite enth\u00e4lt sog. \u201eexterne Links\u201c (Verlinkungen) zu anderen Webseiten, auf deren Inhalt der Anbieter der Webseite keinen Einfluss hat. Aus diesem Grund kann der Anbieter f\u00fcr diese Inhalte auch keine Gew\u00e4hr \u00fcbernehmen. F\u00fcr die Inhalte und Richtigkeit der bereitgestellten Informationen ist der jeweilige Anbieter der verlinkten Webseite verantwortlich. Zum Zeitpunkt der Verlinkung waren keine Rechtsverst\u00f6\u00dfe erkennbar. Bei Bekanntwerden einer solchen Rechtsverletzung wird der Link umgehend entfernen.\u00a0<\/h4>\n<h4 style=\"font-weight: 100; font-family: 'Droid Serif', sans-serif; color: #4d5766; font-size: 19px; line-height: 1; font-style: italic; text-align: center; background-color: #f5fafd;\" data-elementor-setting-key=\"title\" data-pen-placeholder=\"Eingabe hier...\">\u00a03. Urheberrecht\/Leistungsschutzrecht\u00a0<\/h4>\n<h4 style=\"font-weight: 100; font-family: 'Droid Serif', sans-serif; color: #4d5766; font-size: 19px; line-height: 1; font-style: italic; text-align: center; background-color: #f5fafd;\" data-elementor-setting-key=\"title\" data-pen-placeholder=\"Eingabe hier...\">\u00a0Die auf dieser Webseite ver\u00f6ffentlichten Inhalte, Werke und bereitgestellten Informationen unterliegen dem deutschen Urheberrecht und Leistungsschutzrecht. Jede Art der Vervielf\u00e4ltigung, Bearbeitung, Verbreitung, Einspeicherung und jede Art der Verwertung au\u00dferhalb der Grenzen des Urheberrechts bedarf der vorherigen schriftlichen Zustimmung des jeweiligen Rechteinhabers. Das unerlaubte Kopieren\/Speichern der bereitgestellten Informationen auf diesen Webseiten ist nicht gestattet und strafbar.\u00a0<\/h4>\n<h4 style=\"font-weight: 100; font-family: 'Droid Serif', sans-serif; color: #4d5766; font-size: 19px; line-height: 1; font-style: italic; text-align: center; background-color: #f5fafd;\" data-elementor-setting-key=\"title\" data-pen-placeholder=\"Eingabe hier...\">4. Datenschutz\u00a0<\/h4>\n<h4 style=\"font-weight: 100; font-family: 'Droid Serif', sans-serif; color: #4d5766; font-size: 19px; line-height: 1; font-style: italic; text-align: center; background-color: #f5fafd;\" data-elementor-setting-key=\"title\" data-pen-placeholder=\"Eingabe hier...\">Durch den Besuch des Internetauftritts k\u00f6nnen Informationen (Datum, Uhrzeit, aufgerufene Seite) \u00fcber den Zugriff auf dem Server gespeichert werden. Sofern personenbezogene Daten erhoben werden, erfolgt dies, sofern m\u00f6glich, nur mit dem vorherigen Einverst\u00e4ndnis des Nutzers der Webseite. Eine Weitergabe der Daten an Dritte findet ohne ausdr\u00fcckliche Zustimmung des Nutzers nicht statt. Der Anbieter weist darauf hin, dass die \u00dcbertragung von Daten im Internet (z. B. per E-Mail) Sicherheitsl\u00fccken aufweisen und ein l\u00fcckenloser Schutz der Daten vor dem Zugriff Dritter nicht gew\u00e4hrleistet werden kann. Der Anbieter \u00fcbernimmt keine Haftung f\u00fcr die durch solche Sicherheitsl\u00fccken entstandenen Sch\u00e4den. Der Verwendung der Kontaktdaten durch Dritte zur gewerblichen Nutzung wird ausdr\u00fccklich widersprochen. Es sei denn, der Anbieter hat zuvor seine schriftliche Einwilligung erteilt. Der Anbieter beh\u00e4lt sich rechtliche Schritte f\u00fcr den Fall der unverlangten Zusendung von Werbeinformationen, z. B. durch Spam-Mails, vor.\u00a0<\/h4>\n<h4 style=\"font-weight: 100; font-family: 'Droid Serif', sans-serif; color: #4d5766; font-size: 19px; line-height: 1; font-style: italic; text-align: center; background-color: #f5fafd;\" data-elementor-setting-key=\"title\" data-pen-placeholder=\"Eingabe hier...\">5. Kontaktformular\u00a0<\/h4>\n<h4 style=\"font-weight: 100; font-family: 'Droid Serif', sans-serif; color: #4d5766; font-size: 19px; line-height: 1; font-style: italic; text-align: center; background-color: #f5fafd;\" data-elementor-setting-key=\"title\" data-pen-placeholder=\"Eingabe hier...\">In meinem Kontaktformular sind verpflichtende Datenfelder mit einem * gekennzeichnet. Alle anderen Daten k\u00f6nnen freiwillig eingegeben werden. Die eingegebenen Daten werden bei mir gespeichert und ausschlie\u00dflich zweckgebunden im Zusammenhang mit der jeweiligen Anfrage und eventuell sich daraus ergebenden Anschlussfragen genutzt. Selbstverst\u00e4ndlich behandle ich die Daten vertraulich und gebe sie nur mit Ihrem Einverst\u00e4ndnis weiter.<\/h4>\t\t\t\t\t\t\t\t<\/div>\n\t\t\t\t<\/div>\n\t\t\t\t\t<\/div>\n\t\t<\/div>\n\t\t\t\t\t<\/div>\n\t\t<\/section>\n\t\t\t\t\t<\/div>\n\t\t<\/div>\n\t\t\t\t\t<\/div>\n\t\t<\/section>\n\t\t\t\t<\/div>","protected":false},"excerpt":{"rendered":"<p>Angaben gem\u00e4\u00df \u00a7 5 TMG Kim GjarmatiSteubenstra\u00dfe 1890763 F\u00fcrth Kontakt:E-Mail: info@kg-voices.de 1. Haftungsbeschr\u00e4nkung \u00a0Die Inhalte des Internetauftritts wurden mit gr\u00f6\u00dftm\u00f6glicher Sorgfalt und nach bestem Gewissen erstellt. Dennoch \u00fcbernimmt der Anbieter dieser Webseite keine Gew\u00e4hr f\u00fcr die Aktualit\u00e4t, Vollst\u00e4ndigkeit und Richtigkeit der bereitgestellten Seiten und Inhalte. Als Diensteanbieter ist der Anbieter dieser Webseite gem\u00e4\u00df \u00a7 7&hellip; <br \/> <a class=\"read-more\" href=\"https:\/\/kg-voices.de\/en\/impressum\">Read more<\/a><\/p>","protected":false},"author":1,"featured_media":0,"parent":0,"menu_order":0,"comment_status":"closed","ping_status":"open","template":"","meta":{"footnotes":""},"class_list":["post-3","page","type-page","status-publish","hentry"],"yoast_head":"<!-- This site is optimized with the Yoast SEO plugin v27.6 - https:\/\/yoast.com\/product\/yoast-seo-wordpress\/ -->\n<title>Impressum - Sprecher Kim Gjarmati<\/title>\n<meta name=\"description\" content=\"Die Datenschutzerkl\u00e4rung f\u00fcr den Sprecher Kim Gjarmati und dessen Webseite, www.kg-voices.de\" \/>\n<meta name=\"robots\" content=\"index, follow, max-snippet:-1, max-image-preview:large, max-video-preview:-1\" \/>\n<link rel=\"canonical\" href=\"https:\/\/kg-voices.de\/en\/impressum\/\" \/>\n<meta property=\"og:locale\" content=\"en_US\" \/>\n<meta property=\"og:type\" content=\"article\" \/>\n<meta property=\"og:title\" content=\"Impressum - Sprecher Kim Gjarmati\" \/>\n<meta property=\"og:description\" content=\"Die Datenschutzerkl\u00e4rung f\u00fcr den Sprecher Kim Gjarmati und dessen Webseite, www.kg-voices.de\" \/>\n<meta property=\"og:url\" content=\"https:\/\/kg-voices.de\/en\/impressum\/\" \/>\n<meta property=\"og:site_name\" content=\"Sprecher Kim Gjarmati\" \/>\n<meta property=\"article:modified_time\" content=\"2025-12-19T18:35:20+00:00\" \/>\n<meta name=\"twitter:card\" content=\"summary_large_image\" \/>\n<meta name=\"twitter:label1\" content=\"Est. reading time\" \/>\n\t<meta name=\"twitter:data1\" content=\"3 minutes\" \/>\n<script type=\"application\/ld+json\" class=\"yoast-schema-graph\">{\"@context\":\"https:\\\/\\\/schema.org\",\"@graph\":[{\"@type\":\"WebPage\",\"@id\":\"https:\\\/\\\/kg-voices.de\\\/impressum\",\"url\":\"https:\\\/\\\/kg-voices.de\\\/impressum\",\"name\":\"Impressum - Sprecher Kim Gjarmati\",\"isPartOf\":{\"@id\":\"https:\\\/\\\/kg-voices.de\\\/#website\"},\"datePublished\":\"2020-01-16T00:07:52+00:00\",\"dateModified\":\"2025-12-19T18:35:20+00:00\",\"description\":\"Die Datenschutzerkl\u00e4rung f\u00fcr den Sprecher Kim Gjarmati und dessen Webseite, www.kg-voices.de\",\"breadcrumb\":{\"@id\":\"https:\\\/\\\/kg-voices.de\\\/impressum#breadcrumb\"},\"inLanguage\":\"en-US\",\"potentialAction\":[{\"@type\":\"ReadAction\",\"target\":[\"https:\\\/\\\/kg-voices.de\\\/impressum\"]}]},{\"@type\":\"BreadcrumbList\",\"@id\":\"https:\\\/\\\/kg-voices.de\\\/impressum#breadcrumb\",\"itemListElement\":[{\"@type\":\"ListItem\",\"position\":1,\"name\":\"Startseite\",\"item\":\"https:\\\/\\\/kg-voices.de\\\/\"},{\"@type\":\"ListItem\",\"position\":2,\"name\":\"Impressum\"}]},{\"@type\":\"WebSite\",\"@id\":\"https:\\\/\\\/kg-voices.de\\\/#website\",\"url\":\"https:\\\/\\\/kg-voices.de\\\/\",\"name\":\"Sprecher Kim Gjarmati\",\"description\":\"Voice Over Artist\",\"potentialAction\":[{\"@type\":\"SearchAction\",\"target\":{\"@type\":\"EntryPoint\",\"urlTemplate\":\"https:\\\/\\\/kg-voices.de\\\/?s={search_term_string}\"},\"query-input\":{\"@type\":\"PropertyValueSpecification\",\"valueRequired\":true,\"valueName\":\"search_term_string\"}}],\"inLanguage\":\"en-US\"}]}<\/script>\n<!-- \/ Yoast SEO plugin. -->","yoast_head_json":{"title":"Impressum - Sprecher Kim Gjarmati","description":"Die Datenschutzerkl\u00e4rung f\u00fcr den Sprecher Kim Gjarmati und dessen Webseite, www.kg-voices.de","robots":{"index":"index","follow":"follow","max-snippet":"max-snippet:-1","max-image-preview":"max-image-preview:large","max-video-preview":"max-video-preview:-1"},"canonical":"https:\/\/kg-voices.de\/en\/impressum\/","og_locale":"en_US","og_type":"article","og_title":"Impressum - Sprecher Kim Gjarmati","og_description":"Die Datenschutzerkl\u00e4rung f\u00fcr den Sprecher Kim Gjarmati und dessen Webseite, www.kg-voices.de","og_url":"https:\/\/kg-voices.de\/en\/impressum\/","og_site_name":"Sprecher Kim Gjarmati","article_modified_time":"2025-12-19T18:35:20+00:00","twitter_card":"summary_large_image","twitter_misc":{"Est. reading time":"3 minutes"},"schema":{"@context":"https:\/\/schema.org","@graph":[{"@type":"WebPage","@id":"https:\/\/kg-voices.de\/impressum","url":"https:\/\/kg-voices.de\/impressum","name":"Impressum - Sprecher Kim Gjarmati","isPartOf":{"@id":"https:\/\/kg-voices.de\/#website"},"datePublished":"2020-01-16T00:07:52+00:00","dateModified":"2025-12-19T18:35:20+00:00","description":"Die Datenschutzerkl\u00e4rung f\u00fcr den Sprecher Kim Gjarmati und dessen Webseite, www.kg-voices.de","breadcrumb":{"@id":"https:\/\/kg-voices.de\/impressum#breadcrumb"},"inLanguage":"en-US","potentialAction":[{"@type":"ReadAction","target":["https:\/\/kg-voices.de\/impressum"]}]},{"@type":"BreadcrumbList","@id":"https:\/\/kg-voices.de\/impressum#breadcrumb","itemListElement":[{"@type":"ListItem","position":1,"name":"Startseite","item":"https:\/\/kg-voices.de\/"},{"@type":"ListItem","position":2,"name":"Impressum"}]},{"@type":"WebSite","@id":"https:\/\/kg-voices.de\/#website","url":"https:\/\/kg-voices.de\/","name":"Sprecher Kim Gjarmati","description":"Voice Over Artist","potentialAction":[{"@type":"SearchAction","target":{"@type":"EntryPoint","urlTemplate":"https:\/\/kg-voices.de\/?s={search_term_string}"},"query-input":{"@type":"PropertyValueSpecification","valueRequired":true,"valueName":"search_term_string"}}],"inLanguage":"en-US"}]}},"_links":{"self":[{"href":"https:\/\/kg-voices.de\/en\/wp-json\/wp\/v2\/pages\/3","targetHints":{"allow":["GET"]}}],"collection":[{"href":"https:\/\/kg-voices.de\/en\/wp-json\/wp\/v2\/pages"}],"about":[{"href":"https:\/\/kg-voices.de\/en\/wp-json\/wp\/v2\/types\/page"}],"author":[{"embeddable":true,"href":"https:\/\/kg-voices.de\/en\/wp-json\/wp\/v2\/users\/1"}],"replies":[{"embeddable":true,"href":"https:\/\/kg-voices.de\/en\/wp-json\/wp\/v2\/comments?post=3"}],"version-history":[{"count":13,"href":"https:\/\/kg-voices.de\/en\/wp-json\/wp\/v2\/pages\/3\/revisions"}],"predecessor-version":[{"id":1417,"href":"https:\/\/kg-voices.de\/en\/wp-json\/wp\/v2\/pages\/3\/revisions\/1417"}],"wp:attachment":[{"href":"https:\/\/kg-voices.de\/en\/wp-json\/wp\/v2\/media?parent=3"}],"curies":[{"name":"wp","href":"https:\/\/api.w.org\/{rel}","templated":true}]}}